{"id":27036,"date":"2025-05-10T18:18:03","date_gmt":"2025-05-10T18:18:03","guid":{"rendered":"https:\/\/giantbubblefactory.com\/?page_id=27036"},"modified":"2025-09-04T05:59:07","modified_gmt":"2025-09-04T05:59:07","slug":"chi-siamo","status":"publish","type":"page","link":"https:\/\/giantbubblefactory.com\/fr\/chi-siamo\/","title":{"rendered":"Qui sommers-nous"},"content":{"rendered":"<div data-elementor-type=\"wp-page\" data-elementor-id=\"27036\" class=\"elementor elementor-27036\">\n\t\t\t\t<div class=\"wd-negative-gap elementor-element elementor-element-c858173 e-flex e-con-boxed e-con e-parent\" data-id=\"c858173\" data-element_type=\"container\" data-e-type=\"container\">\n\t\t\t\t\t<div class=\"e-con-inner\">\n\t\t<div class=\"elementor-element elementor-element-d49c2e5 e-con-full e-flex e-con e-child\" data-id=\"d49c2e5\" data-element_type=\"container\" data-e-type=\"container\">\n\t\t\t\t<div class=\"elementor-element elementor-element-9d428d5 elementor-widget elementor-widget-heading\" data-id=\"9d428d5\" data-element_type=\"widget\" data-e-type=\"widget\" data-widget_type=\"heading.default\">\n\t\t\t\t\t<h2 class=\"elementor-heading-title elementor-size-default\">La Magia Continua con Giant Bubble Factory<\/h2>\t\t\t\t<\/div>\n\t\t\t\t<div class=\"elementor-element elementor-element-8bc5f72 elementor-widget elementor-widget-image\" data-id=\"8bc5f72\" data-element_type=\"widget\" data-e-type=\"widget\" data-widget_type=\"image.default\">\n\t\t\t\t\t\t\t\t\t\t\t\t\t\t\t<img fetchpriority=\"high\" decoding=\"async\" width=\"1249\" height=\"800\" src=\"https:\/\/giantbubblefactory.com\/wp-content\/uploads\/2025\/05\/Alessandro-Angeli2-e1746901302120-1249x800.jpg\" class=\"attachment-large size-large wp-image-27040\" alt=\"\" srcset=\"https:\/\/giantbubblefactory.com\/wp-content\/uploads\/2025\/05\/Alessandro-Angeli2-e1746901302120-1249x800.jpg 1249w, https:\/\/giantbubblefactory.com\/wp-content\/uploads\/2025\/05\/Alessandro-Angeli2-e1746901302120-430x276.jpg 430w, https:\/\/giantbubblefactory.com\/wp-content\/uploads\/2025\/05\/Alessandro-Angeli2-e1746901302120-150x96.jpg 150w, https:\/\/giantbubblefactory.com\/wp-content\/uploads\/2025\/05\/Alessandro-Angeli2-e1746901302120-700x449.jpg 700w, https:\/\/giantbubblefactory.com\/wp-content\/uploads\/2025\/05\/Alessandro-Angeli2-e1746901302120-400x256.jpg 400w, https:\/\/giantbubblefactory.com\/wp-content\/uploads\/2025\/05\/Alessandro-Angeli2-e1746901302120-768x492.jpg 768w, https:\/\/giantbubblefactory.com\/wp-content\/uploads\/2025\/05\/Alessandro-Angeli2-e1746901302120.jpg 1414w\" sizes=\"(max-width: 1249px) 100vw, 1249px\" \/>\t\t\t\t\t\t\t\t\t\t\t\t\t\t\t<\/div>\n\t\t\t\t<div class=\"elementor-element elementor-element-0966cea elementor-widget elementor-widget-wd_text_block\" data-id=\"0966cea\" data-element_type=\"widget\" data-e-type=\"widget\" data-widget_type=\"wd_text_block.default\">\n\t\t\t\t<div class=\"elementor-widget-container\">\n\t\t\t\t\t\t\t<div class=\"wd-text-block reset-last-child text-left\">\n\t\t\t\n\t\t\t<h1 data-start=\"235\" data-end=\"248\">Chi Siamo<\/h1><h2 data-start=\"249\" data-end=\"295\">Un viaggio di sogni, arte e bolle giganti<\/h2><p data-start=\"297\" data-end=\"626\">Tutto \u00e8 iniziato nel 1995, quando, ancora giovanissimo, mi sono avvicinato al mondo affascinante della giocoleria. L\u2019arte del movimento e la magia delle esibizioni mi hanno catturato e portato a esibirmi, dal 1999, in piazze, festival, teatri e strade in tutta Italia, con spettacoli di giocoleria, equilibrismo, magia e fuoco.<\/p><p data-start=\"628\" data-end=\"897\">Nel 2010, un incontro speciale ha cambiato la mia vita: ho scoperto il potere poetico delle bolle di sapone giganti. La leggerezza e la capacit\u00e0 di incantare adulti e bambini mi hanno conquistato, segnando la nascita di una passione che non mi ha mai pi\u00f9 abbandonato.<\/p><p data-start=\"899\" data-end=\"1251\">Nel 2012 ho fondato <strong data-start=\"919\" data-end=\"938\">EPAN Production<\/strong>, un progetto che ha portato in scena spettacoli, laboratori e attrezzi professionali dedicati al mondo delle bolle giganti. La pandemia del 2020 ha interrotto quella strada, ma non ha spento il fuoco: ho continuato a studiare, progettare e perfezionare i miei strumenti, trasformando la difficolt\u00e0 in crescita.<\/p><p data-start=\"1253\" data-end=\"1490\">Da questa esperienza nasce <strong data-start=\"1280\" data-end=\"1304\">Giant Bubble Factory<\/strong>, che raccoglie l\u2019eredit\u00e0 di EPAN Production e la proietta nel futuro. Oggi offriamo a artisti, animatori e famiglie attrezzi professionali per creare momenti di pura poesia e stupore.<\/p><hr data-start=\"1492\" data-end=\"1495\" \/><h2 data-start=\"1497\" data-end=\"1523\">Artigianalit\u00e0 e qualit\u00e0<\/h2><p data-start=\"1524\" data-end=\"1645\">Ogni prodotto di Giant Bubble Factory \u00e8 realizzato artigianalmente, con la stessa cura che si dedica a un\u2019opera d\u2019arte.<\/p><ul data-start=\"1646\" data-end=\"1965\"><li data-start=\"1646\" data-end=\"1753\"><p data-start=\"1648\" data-end=\"1753\">Ogni bacchetta, ogni cerchio, ogni filo viene lavorato a mano, scartavetrato e rifinito con attenzione.<\/p><\/li><li data-start=\"1754\" data-end=\"1857\"><p data-start=\"1756\" data-end=\"1857\">Ogni dettaglio \u00e8 frutto di esperienza e passione maturata in oltre 20 anni di spettacoli e ricerca.<\/p><\/li><li data-start=\"1858\" data-end=\"1965\"><p data-start=\"1860\" data-end=\"1965\">Non \u00e8 solo un attrezzo: \u00e8 un pezzo di magia che porta con s\u00e9 dedizione, qualit\u00e0 e amore per quest\u2019arte.<\/p><\/li><\/ul><p data-start=\"1967\" data-end=\"2112\">Quando scegli un nostro prodotto, non acquisti solo uno strumento, ma porti a casa un frammento di passione, competenza e artigianato italiano.<\/p><hr data-start=\"2114\" data-end=\"2117\" \/><h2 data-start=\"2119\" data-end=\"2153\">Una magia che viaggia in Europa<\/h2><p data-start=\"2154\" data-end=\"2309\">Oggi spediamo i nostri prodotti in tutta Italia e in Europa, portando la magia delle bolle giganti ovunque ci sia voglia di sognare, stupire e incantare.<\/p><p data-start=\"2311\" data-end=\"2428\">\ud83d\udc49 Scopri la nostra collezione di <a class=\"decorated-link cursor-pointer\" target=\"_new\" rel=\"noopener\" data-start=\"2345\" data-end=\"2426\">prodotti artigianali per bolle giganti<\/a><\/p><hr data-start=\"2430\" data-end=\"2433\" \/><h2 data-start=\"2435\" data-end=\"2452\">Dati aziendali<\/h2><p data-start=\"2453\" data-end=\"2622\"><strong data-start=\"2453\" data-end=\"2498\">Giant Bubble Factory di Angeli Alessandro<\/strong><br data-start=\"2498\" data-end=\"2501\" \/>Via Felice Cavallotti 54, 55049 Torre del Lago (LU), Italia<br data-start=\"2560\" data-end=\"2563\" \/>Email: <a class=\"decorated-link cursor-pointer\" rel=\"noopener\" data-start=\"2570\" data-end=\"2597\">info@giantbubblefactory.com<\/a><br data-start=\"2597\" data-end=\"2600\" \/>P.IVA: IT02726960467<\/p><hr data-start=\"2624\" data-end=\"2627\" \/><p data-start=\"2629\" data-end=\"2724\">\u2728 Benvenuto nella magia senza tempo delle bolle giganti.<br data-start=\"2685\" data-end=\"2688\" \/>\u2728 Benvenuto nella nostra famiglia.<\/p>\n\t\t\t\t\t<\/div>\n\t\t\t\t\t\t<\/div>\n\t\t\t\t<\/div>\n\t\t\t\t<\/div>\n\t\t<div class=\"elementor-element elementor-element-12ca0a1 e-con-full e-flex e-con e-child\" data-id=\"12ca0a1\" data-element_type=\"container\" data-e-type=\"container\">\n\t\t\t\t<div class=\"elementor-element elementor-element-289a867 elementor-widget elementor-widget-image\" data-id=\"289a867\" data-element_type=\"widget\" data-e-type=\"widget\" data-widget_type=\"image.default\">\n\t\t\t\t\t\t\t\t\t\t\t\t\t\t\t<img decoding=\"async\" width=\"446\" height=\"800\" src=\"https:\/\/giantbubblefactory.com\/wp-content\/uploads\/2025\/05\/Alessandro-di-Angeli-FILEminimizer-e1746902830421-446x800.jpg\" class=\"attachment-large size-large wp-image-27039\" alt=\"\" srcset=\"https:\/\/giantbubblefactory.com\/wp-content\/uploads\/2025\/05\/Alessandro-di-Angeli-FILEminimizer-e1746902830421-446x800.jpg 446w, https:\/\/giantbubblefactory.com\/wp-content\/uploads\/2025\/05\/Alessandro-di-Angeli-FILEminimizer-e1746902830421-430x772.jpg 430w, https:\/\/giantbubblefactory.com\/wp-content\/uploads\/2025\/05\/Alessandro-di-Angeli-FILEminimizer-e1746902830421-150x269.jpg 150w, https:\/\/giantbubblefactory.com\/wp-content\/uploads\/2025\/05\/Alessandro-di-Angeli-FILEminimizer-e1746902830421-167x300.jpg 167w, https:\/\/giantbubblefactory.com\/wp-content\/uploads\/2025\/05\/Alessandro-di-Angeli-FILEminimizer-e1746902830421.jpg 483w\" sizes=\"(max-width: 446px) 100vw, 446px\" \/>\t\t\t\t\t\t\t\t\t\t\t\t\t\t\t<\/div>\n\t\t\t\t<\/div>\n\t\t\t\t\t<\/div>\n\t\t\t\t<\/div>\n\t\t\t\t<\/div>","protected":false},"excerpt":{"rendered":"<p>La Magia Continua con Giant Bubble Factory Chi Siamo Un viaggio di sogni, arte e bolle giganti Tutto \u00e8 iniziato<\/p>","protected":false},"author":2,"featured_media":27040,"parent":0,"menu_order":0,"comment_status":"closed","ping_status":"closed","template":"elementor_header_footer","meta":{"footnotes":""},"class_list":["post-27036","page","type-page","status-publish","has-post-thumbnail","hentry"],"_links":{"self":[{"href":"https:\/\/giantbubblefactory.com\/fr\/wp-json\/wp\/v2\/pages\/27036","targetHints":{"allow":["GET"]}}],"collection":[{"href":"https:\/\/giantbubblefactory.com\/fr\/wp-json\/wp\/v2\/pages"}],"about":[{"href":"https:\/\/giantbubblefactory.com\/fr\/wp-json\/wp\/v2\/types\/page"}],"author":[{"embeddable":true,"href":"https:\/\/giantbubblefactory.com\/fr\/wp-json\/wp\/v2\/users\/2"}],"replies":[{"embeddable":true,"href":"https:\/\/giantbubblefactory.com\/fr\/wp-json\/wp\/v2\/comments?post=27036"}],"version-history":[{"count":22,"href":"https:\/\/giantbubblefactory.com\/fr\/wp-json\/wp\/v2\/pages\/27036\/revisions"}],"predecessor-version":[{"id":71665,"href":"https:\/\/giantbubblefactory.com\/fr\/wp-json\/wp\/v2\/pages\/27036\/revisions\/71665"}],"wp:featuredmedia":[{"embeddable":true,"href":"https:\/\/giantbubblefactory.com\/fr\/wp-json\/wp\/v2\/media\/27040"}],"wp:attachment":[{"href":"https:\/\/giantbubblefactory.com\/fr\/wp-json\/wp\/v2\/media?parent=27036"}],"curies":[{"name":"wp","href":"https:\/\/api.w.org\/{rel}","templated":true}]}}