{"id":27060,"date":"2025-05-10T18:51:25","date_gmt":"2025-05-10T18:51:25","guid":{"rendered":"https:\/\/giantbubblefactory.com\/?page_id=27060"},"modified":"2025-06-05T08:25:14","modified_gmt":"2025-06-05T08:25:14","slug":"rivenditori","status":"publish","type":"page","link":"https:\/\/giantbubblefactory.com\/fr\/rivenditori\/","title":{"rendered":"revendeurs"},"content":{"rendered":"<div data-elementor-type=\"wp-page\" data-elementor-id=\"27060\" class=\"elementor elementor-27060\">\n\t\t\t\t<div class=\"wd-negative-gap elementor-element elementor-element-2b1a450 e-flex e-con-boxed e-con e-parent\" data-id=\"2b1a450\" data-element_type=\"container\" data-e-type=\"container\">\n\t\t\t\t\t<div class=\"e-con-inner\">\n\t\t\t\t<div class=\"elementor-element elementor-element-aba3d1f elementor-widget elementor-widget-heading\" data-id=\"aba3d1f\" data-element_type=\"widget\" data-e-type=\"widget\" data-widget_type=\"heading.default\">\n\t\t\t\t\t<h2 class=\"elementor-heading-title elementor-size-default\">\ud83c\udf88 I Nostri Rivenditori \u2013 La Magia delle Bolle Giganti\nnei Migliori Negozi<\/h2>\t\t\t\t<\/div>\n\t\t\t\t\t<\/div>\n\t\t\t\t<\/div>\n\t\t<div class=\"wd-negative-gap elementor-element elementor-element-47a0866 e-flex e-con-boxed e-con e-parent\" data-id=\"47a0866\" data-element_type=\"container\" data-e-type=\"container\">\n\t\t\t\t\t<div class=\"e-con-inner\">\n\t\t<div class=\"elementor-element elementor-element-f1639fe e-con-full e-flex e-con e-child\" data-id=\"f1639fe\" data-element_type=\"container\" data-e-type=\"container\">\n\t\t\t\t<div class=\"elementor-element elementor-element-ac93898 elementor-widget elementor-widget-wd_text_block\" data-id=\"ac93898\" data-element_type=\"widget\" data-e-type=\"widget\" data-widget_type=\"wd_text_block.default\">\n\t\t\t\t<div class=\"elementor-widget-container\">\n\t\t\t\t\t\t\t<div class=\"wd-text-block reset-last-child text-left\">\n\t\t\t\n\t\t\t<p>Essere un rivenditore <b>Giant Bubble Factory<\/b> significa offrire ai propri clienti non solo dei<br \/>semplici attrezzi per bolle, ma <b>un\u2019esperienza magica<\/b> che lascia senza parole. I nostri<br \/>prodotti sono realizzati con cura artigianale e passione, pensati per emozionare e divertire,<br \/>sia i bambini che gli adulti. Ogni attrezzo che vendiamo \u00e8 un pezzo di arte, realizzato a<br \/>mano, per garantire la <b>massima qualit\u00e0 e resistenza.<\/b><\/p><p>Ma non \u00e8 solo una questione di qualit\u00e0, \u00e8 anche una questione di <b>fiducia<\/b>. I nostri rivenditori<br \/>sono il cuore pulsante di Giant Bubble Factory: sono coloro che portano la magia delle bolle<br \/>giganti nelle case, nelle piazze e nei parchi, creando momenti di gioia e stupore. Siamo<br \/>orgogliosi di collaborare con negozi fisici e online che condividono la nostra stessa passione<br \/>per l\u2019arte delle bolle e che hanno scelto di diventare parte della nostra famiglia.<\/p><p><strong>Cosa significa essere un rivenditore Giant Bubble Factory?<\/strong><\/p><p>Diventare un nostro rivenditore significa unirsi a un brand che ha una lunga storia di<br \/>p<b>rofessionalit\u00e0, qualit\u00e0 e artigianalit\u00e0.<\/b> Ogni prodotto che vendiamo \u00e8 realizzato con cura<br \/>artigianale, e sappiamo che solo un prodotto di <b>alta qualit\u00e0<\/b> pu\u00f2 creare un'esperienza<br \/>indimenticabile. I nostri rivenditori sono <b>ambasciatori della magia delle bolle:<\/b> il nostro<br \/>successo \u00e8 il loro successo.<\/p><p>Siamo al fianco dei nostri partner, offrendo loro <b>supporto marketing, materiali<br \/>promozionali <\/b>e un <b>servizio clienti impeccabile.<\/b> Lavoriamo per creare una rete solida di<br \/>negozi che possano far crescere insieme il nostro brand e, allo stesso tempo, offrire ai loro<br \/>clienti il meglio delle bolle giganti.<\/p><p><strong>Diventa anche tu un Rivenditore Giant Bubble Factory!<\/strong><\/p><p>Se anche tu desideri far parte della nostra rete di rivenditori e portare la magia delle bolle<br \/>giganti nel tuo negozio, <strong>contattaci!<\/strong> Siamo sempre alla ricerca di nuovi partner che vogliano<br \/>entrare a far parte della famiglia Giant Bubble Factory.<\/p><p>Per maggiori informazioni su come diventare rivenditore, scrivici a:<br \/>\ud83d\udce7 <strong>info@giantbubblefactory.com<\/strong><\/p><p>Unisciti a noi e comincia a vendere il prodotto che trasforma ogni momento in un\u2019esperienza<br \/>unica di divertimento e stupore!<\/p>\n\t\t\t\t\t<\/div>\n\t\t\t\t\t\t<\/div>\n\t\t\t\t<\/div>\n\t\t\t\t<\/div>\n\t\t<div class=\"elementor-element elementor-element-9845045 e-con-full e-flex e-con e-child\" data-id=\"9845045\" data-element_type=\"container\" data-e-type=\"container\">\n\t\t\t\t<div class=\"elementor-element elementor-element-c054139 elementor-widget elementor-widget-image\" data-id=\"c054139\" data-element_type=\"widget\" data-e-type=\"widget\" data-widget_type=\"image.default\">\n\t\t\t\t\t\t\t\t\t\t\t\t\t\t\t<img fetchpriority=\"high\" decoding=\"async\" width=\"400\" height=\"400\" src=\"https:\/\/giantbubblefactory.com\/wp-content\/uploads\/2025\/06\/Rivenditori-senza-Link-1.png\" class=\"attachment-large size-large wp-image-27672\" alt=\"\" srcset=\"https:\/\/giantbubblefactory.com\/wp-content\/uploads\/2025\/06\/Rivenditori-senza-Link-1.png 400w, https:\/\/giantbubblefactory.com\/wp-content\/uploads\/2025\/06\/Rivenditori-senza-Link-1-300x300.png 300w, https:\/\/giantbubblefactory.com\/wp-content\/uploads\/2025\/06\/Rivenditori-senza-Link-1-150x150.png 150w\" sizes=\"(max-width: 400px) 100vw, 400px\" \/>\t\t\t\t\t\t\t\t\t\t\t\t\t\t\t<\/div>\n\t\t\t\t<div class=\"elementor-element elementor-element-1f66904 elementor-widget elementor-widget-image\" data-id=\"1f66904\" data-element_type=\"widget\" data-e-type=\"widget\" data-widget_type=\"image.default\">\n\t\t\t\t\t\t\t\t\t\t\t\t\t\t\t<img decoding=\"async\" width=\"400\" height=\"400\" src=\"https:\/\/giantbubblefactory.com\/wp-content\/uploads\/2025\/06\/Rivenditori-senza-Link-2.png\" class=\"attachment-large size-large wp-image-27673\" alt=\"\" srcset=\"https:\/\/giantbubblefactory.com\/wp-content\/uploads\/2025\/06\/Rivenditori-senza-Link-2.png 400w, https:\/\/giantbubblefactory.com\/wp-content\/uploads\/2025\/06\/Rivenditori-senza-Link-2-300x300.png 300w, https:\/\/giantbubblefactory.com\/wp-content\/uploads\/2025\/06\/Rivenditori-senza-Link-2-150x150.png 150w\" sizes=\"(max-width: 400px) 100vw, 400px\" \/>\t\t\t\t\t\t\t\t\t\t\t\t\t\t\t<\/div>\n\t\t\t\t<div class=\"elementor-element elementor-element-e754aa8 elementor-widget elementor-widget-image\" data-id=\"e754aa8\" data-element_type=\"widget\" data-e-type=\"widget\" data-widget_type=\"image.default\">\n\t\t\t\t\t\t\t\t\t\t\t\t\t\t\t<img decoding=\"async\" width=\"400\" height=\"400\" src=\"https:\/\/giantbubblefactory.com\/wp-content\/uploads\/2025\/06\/Rivenditori-senza-Link-3.png\" class=\"attachment-large size-large wp-image-27674\" alt=\"\" srcset=\"https:\/\/giantbubblefactory.com\/wp-content\/uploads\/2025\/06\/Rivenditori-senza-Link-3.png 400w, https:\/\/giantbubblefactory.com\/wp-content\/uploads\/2025\/06\/Rivenditori-senza-Link-3-300x300.png 300w, https:\/\/giantbubblefactory.com\/wp-content\/uploads\/2025\/06\/Rivenditori-senza-Link-3-150x150.png 150w\" sizes=\"(max-width: 400px) 100vw, 400px\" \/>\t\t\t\t\t\t\t\t\t\t\t\t\t\t\t<\/div>\n\t\t\t\t<\/div>\n\t\t\t\t\t<\/div>\n\t\t\t\t<\/div>\n\t\t\t\t<\/div>","protected":false},"excerpt":{"rendered":"<p>\ud83c\udf88 I Nostri Rivenditori \u2013 La Magia delle Bolle Giganti nei Migliori Negozi Essere un rivenditore Giant Bubble Factory significa<\/p>","protected":false},"author":2,"featured_media":0,"parent":0,"menu_order":0,"comment_status":"closed","ping_status":"closed","template":"elementor_header_footer","meta":{"footnotes":""},"class_list":["post-27060","page","type-page","status-publish","hentry"],"_links":{"self":[{"href":"https:\/\/giantbubblefactory.com\/fr\/wp-json\/wp\/v2\/pages\/27060","targetHints":{"allow":["GET"]}}],"collection":[{"href":"https:\/\/giantbubblefactory.com\/fr\/wp-json\/wp\/v2\/pages"}],"about":[{"href":"https:\/\/giantbubblefactory.com\/fr\/wp-json\/wp\/v2\/types\/page"}],"author":[{"embeddable":true,"href":"https:\/\/giantbubblefactory.com\/fr\/wp-json\/wp\/v2\/users\/2"}],"replies":[{"embeddable":true,"href":"https:\/\/giantbubblefactory.com\/fr\/wp-json\/wp\/v2\/comments?post=27060"}],"version-history":[{"count":16,"href":"https:\/\/giantbubblefactory.com\/fr\/wp-json\/wp\/v2\/pages\/27060\/revisions"}],"predecessor-version":[{"id":27677,"href":"https:\/\/giantbubblefactory.com\/fr\/wp-json\/wp\/v2\/pages\/27060\/revisions\/27677"}],"wp:attachment":[{"href":"https:\/\/giantbubblefactory.com\/fr\/wp-json\/wp\/v2\/media?parent=27060"}],"curies":[{"name":"wp","href":"https:\/\/api.w.org\/{rel}","templated":true}]}}