{"id":27110,"date":"2025-05-29T14:09:36","date_gmt":"2025-05-29T14:09:36","guid":{"rendered":"https:\/\/giantbubblefactory.com\/?post_type=product&#038;p=27110"},"modified":"2025-10-04T16:36:08","modified_gmt":"2025-10-04T16:36:08","slug":"bubble-juice-pronto-uso","status":"publish","type":"product","link":"https:\/\/giantbubblefactory.com\/fr\/product\/bubble-juice-pronto-uso\/","title":{"rendered":"Bubble Juice Pr\u00eat \u00e0 l\u2019emploi"},"content":{"rendered":"<p><b>Bubble Juice Pr\u00eat \u00e0 l\u2019emploi \u2013 Savon professionnel pour bulles g\u00e9antes<\/b><\/p>\n<h2><b>\ud83c\udf88 Rien \u00e0 m\u00e9langer. Il suffit d\u2019immerger\u2026 et d\u2019\u00e9merveiller !<\/b><\/h2>\n<p><span style=\"font-weight: 400;\">Vous recherchez une solution simple, rapide et infaillible pour cr\u00e9er des bulles g\u00e9antes ?<\/span><span style=\"font-weight: 400;\"><br \/>\n<\/span> <b>Bubble Juice Pr\u00eat \u00e0 l\u2019emploi<\/b><span style=\"font-weight: 400;\"> \u00e8 il sapone professionale <\/span><b>gi\u00e0 miscelato<\/b><span style=\"font-weight: 400;\"> e pronto all\u2019uso, ideale per chi vuole giocare o lavorare <\/span><b>senza errori e senza attese<\/b><span style=\"font-weight: 400;\">.<\/span><\/p>\n<p><span style=\"font-weight: 400;\">Parfait pour animateurs, artistes, parents, \u00e9coles et pour tous ceux qui veulent simplement\u2026 cr\u00e9er des bulles de r\u00eave !<\/span><\/p>\n<h1><b>\u2728 Caract\u00e9ristiques principales :<\/b><\/h1>\n<ul>\n<li style=\"font-weight: 400;\" aria-level=\"1\" class=\"translation-block\">Pr\u00eat \u00e0 l\u2019emploi : aucune dilution, aucune erreur<\/li>\n<li style=\"font-weight: 400;\" aria-level=\"1\"><b>Simple et rapide : plongez l\u2019accessoire et cr\u00e9ez des bulles en quelques secondes<\/b><span style=\"font-weight: 400;\"> immergi e fai bolle in pochi secondi<\/span><\/li>\n<li style=\"font-weight: 400;\" aria-level=\"1\" class=\"translation-block\">Haute performance : id\u00e9al aussi pour les spectacles professionnels<\/li>\n<li style=\"font-weight: 400;\" aria-level=\"1\" class=\"translation-block\">100 % s\u00fbr : certifi\u00e9 CE comme jouet conforme aux normes de s\u00e9curit\u00e9<\/li>\n<li style=\"font-weight: 400;\" aria-level=\"1\" class=\"translation-block\">Longue conservation : se conserve pendant des ann\u00e9es s\u2019il n\u2019est pas ouvert<\/li>\n<\/ul>\n<h1><b>\ud83d\udccf Formats disponibles :<\/b><\/h1>\n<table>\n<tbody>\n<tr>\n<td><b>Format<\/b><\/td>\n<td><b>Contenu<\/b><\/td>\n<td><b>Pr\u00eat \u00e0 l\u2019emploi<\/b><\/td>\n<\/tr>\n<tr>\n<td><span style=\"font-weight: 400;\">BJP500<\/span><\/td>\n<td><span style=\"font-weight: 400;\">500 ml<\/span><\/td>\n<td><span style=\"font-weight: 400;\">Oui<\/span><\/td>\n<\/tr>\n<tr>\n<td><span style=\"font-weight: 400;\">BJP1000<\/span><\/td>\n<td><span style=\"font-weight: 400;\">1 litro<\/span><\/td>\n<td><span style=\"font-weight: 400;\">Oui<\/span><\/td>\n<\/tr>\n<tr>\n<td><span style=\"font-weight: 400;\">BJP5000<\/span><\/td>\n<td><span style=\"font-weight: 400;\">5 litri<\/span><\/td>\n<td><span style=\"font-weight: 400;\">Oui<\/span><\/td>\n<\/tr>\n<\/tbody>\n<\/table>\n<p><span style=\"font-weight: 400;\">(<\/span><i><span style=\"font-weight: 400;\">Choisissez le format id\u00e9al pour votre \u00e9v\u00e9nement !<\/span><\/i><span style=\"font-weight: 400;\">)<\/span><\/p>\n<h1><b>\ud83c\udfaf De quelle quantit\u00e9 de savon ai-je besoin ?<\/b><\/h1>\n<ul>\n<li style=\"font-weight: 400;\" aria-level=\"1\" class=\"translation-block\">\ud83c\udf88 Atelier ou f\u00eate de 2 \u00e0 3 heures : 3 \u00e0 5 litres de solution pr\u00eate \u00e0 l\u2019emploi<\/li>\n<li style=\"font-weight: 400;\" aria-level=\"1\" class=\"translation-block\">\ud83c\udfad Spectacle en int\u00e9rieur de 30 minutes : environ 1,5 litre<\/li>\n<li style=\"font-weight: 400;\" aria-level=\"1\" class=\"translation-block\">\ud83d\uded2 Jeu au parc : m\u00eame 500 ml peuvent suffire !<\/li>\n<\/ul>\n<p><span style=\"font-weight: 400;\">(<\/span><i><span style=\"font-weight: 400;\">Plus les bulles sont grandes, plus la consommation de liquide est importante !<\/span><\/i><span style=\"font-weight: 400;\">)<\/span><\/p>\n<h1><b>\ud83d\udd25 Que pouvez-vous cr\u00e9er avec Bubble Juice Pr\u00eat \u00e0 l\u2019emploi ?<\/b><\/h1>\n<ul>\n<li style=\"font-weight: 400;\" aria-level=\"1\" class=\"translation-block\">Cr\u00e9er des bulles g\u00e9antes de plus de 3 m\u00e8tres<\/li>\n<li style=\"font-weight: 400;\" aria-level=\"1\" class=\"translation-block\">R\u00e9aliser des sculptures et des murs de bulles<\/li>\n<li style=\"font-weight: 400;\" aria-level=\"1\" class=\"translation-block\">Enfermer des objets ou des personnes dans une bulle<\/li>\n<li style=\"font-weight: 400;\" aria-level=\"1\" class=\"translation-block\">Cr\u00e9er des bulles sur des surfaces planes<\/li>\n<li style=\"font-weight: 400;\" aria-level=\"1\" class=\"translation-block\">R\u00e9aliser des exp\u00e9riences scientifiques avec des bulles<\/li>\n<li style=\"font-weight: 400;\" aria-level=\"1\" class=\"translation-block\">L\u2019utiliser avec des machines \u00e0 bulles professionnelles<\/li>\n<li style=\"font-weight: 400;\" aria-level=\"1\" class=\"translation-block\">S\u2019amuser avec des bulles de fum\u00e9e ou de vapeur<\/li>\n<li style=\"font-weight: 400;\" aria-level=\"1\" class=\"translation-block\">Cr\u00e9er des spectacles et des animations \u00e0 couper le souffle<\/li>\n<\/ul>\n<p>&nbsp;<\/p>\n<h1 class=\"translation-block\">Bubble Juice \u2013 Deux fa\u00e7ons de cr\u00e9er la magie<\/h1>\n<table>\n<tbody>\n<tr>\n<td><\/td>\n<td><b>Bubble Juice Concentr\u00e9<\/b><\/td>\n<td><b>Bubble Juice Pr\u00eat \u00e0 l\u2019emploi<\/b><\/td>\n<\/tr>\n<tr>\n<td><b>Parfait pour<\/b><\/td>\n<td><span style=\"font-weight: 400;\">Ceux qui souhaitent \u00e9conomiser de l\u2019espace et transporter moins de poids<\/span><\/td>\n<td class=\"translation-block\">Ceux qui veulent commencer imm\u00e9diatement, sans dilution<\/td>\n<\/tr>\n<tr>\n<td><b>Fonctionnement<\/b><\/td>\n<td class=\"translation-block\">\u00c0 diluer 1:4 avec de l\u2019eau \u2013 pr\u00eat en quelques secondes<\/td>\n<td><span style=\"font-weight: 400;\">Apr\u00e8s 20 secondes, la solution est d\u00e9j\u00e0 pr\u00eate : il suffit d\u2019immerger l\u2019accessoire choisi et de commencer \u00e0 cr\u00e9er des bulles.<\/span><\/td>\n<\/tr>\n<tr>\n<td class=\"translation-block\">Avantages principaux<\/td>\n<td class=\"translation-block\">Flexibilit\u00e9 maximale, longue conservation, volume r\u00e9duit<\/td>\n<td><span style=\"font-weight: 400;\">Aucune erreur de m\u00e9lange, praticit\u00e9 totale<\/span><\/td>\n<\/tr>\n<tr>\n<td><b>Id\u00e9al pour<\/b><\/td>\n<td><span style=\"font-weight: 400;\">Spectacles, festivals et \u00e9v\u00e9nements itin\u00e9rants<\/span><\/td>\n<td><span style=\"font-weight: 400;\">F\u00eates, animations et utilisation imm\u00e9diate en toute occasion<\/span><\/td>\n<\/tr>\n<tr>\n<td><b>Conservation<\/b><\/td>\n<td><span style=\"font-weight: 400;\">Se conserve plusieurs mois, voire plusieurs ann\u00e9es, s\u2019il est correctement ferm\u00e9.<\/span><\/td>\n<td><span style=\"font-weight: 400;\">Si conserva anni (fino all\u2019apertura)<\/span><\/td>\n<\/tr>\n<tr>\n<td><b>Adapt\u00e9 \u00e0<\/b><\/td>\n<td><span style=\"font-weight: 400;\">Artistes professionnels et ateliers \u00e0 grande \u00e9chelle<\/span><\/td>\n<td><span style=\"font-weight: 400;\">Animateurs, \u00e9coles, familles, d\u00e9butants<\/span><\/td>\n<\/tr>\n<tr>\n<td><b>Format<\/b><\/td>\n<td><span style=\"font-weight: 400;\">500 g, 1 kg, 5 kg (rendement multipli\u00e9 apr\u00e8s dilution)<\/span><\/td>\n<td><span style=\"font-weight: 400;\">500 ml, 1 L, 5 L pr\u00eats \u00e0 l\u2019emploi<\/span><\/td>\n<\/tr>\n<\/tbody>\n<\/table>\n<p>&nbsp;<\/p>\n<p><b>Que vous choisissiez le Concentr\u00e9 ou le Pr\u00eat \u00e0 l\u2019emploi, une chose est s\u00fbre : avec Bubble Juice, vos bulles seront toujours extraordinaires !<\/b><\/p>\n<p>&nbsp;<\/p>\n<h1><b>\ud83d\udcac L\u2019exp\u00e9rience parle d\u2019elle-m\u00eame :<\/b><\/h1>\n<p><b>\u00ab Avec Bubble Juice Pr\u00eat \u00e0 l\u2019emploi, chaque spectacle commence sans stress ni impr\u00e9vus : ouvrez, plongez\u2026 et laissez la magie s\u2019envoler ! \u00bb<\/b><\/p>","protected":false},"excerpt":{"rendered":"<p>Bubble Juice Pr\u00eat \u00e0 l\u2019emploi : le savon professionnel pour bulles g\u00e9antes d\u00e9j\u00e0 pr\u00eat \u00e0 utiliser ! Id\u00e9al pour animateurs, artistes et familles, il garantit des r\u00e9sultats imm\u00e9diats, s\u00fbrs et spectaculaires. Plongez l\u2019accessoire et cr\u00e9ez des bulles incroyables !<\/p>","protected":false},"featured_media":27701,"comment_status":"open","ping_status":"closed","template":"","meta":[],"product_brand":[],"product_cat":[73],"product_tag":[],"class_list":{"0":"post-27110","1":"product","2":"type-product","3":"status-publish","4":"has-post-thumbnail","6":"product_cat-saponi-per-bolle-giganti","8":"first","9":"instock","10":"taxable","11":"shipping-taxable","12":"purchasable","13":"product-type-variable"},"_links":{"self":[{"href":"https:\/\/giantbubblefactory.com\/fr\/wp-json\/wp\/v2\/product\/27110","targetHints":{"allow":["GET"]}}],"collection":[{"href":"https:\/\/giantbubblefactory.com\/fr\/wp-json\/wp\/v2\/product"}],"about":[{"href":"https:\/\/giantbubblefactory.com\/fr\/wp-json\/wp\/v2\/types\/product"}],"replies":[{"embeddable":true,"href":"https:\/\/giantbubblefactory.com\/fr\/wp-json\/wp\/v2\/comments?post=27110"}],"version-history":[{"count":4,"href":"https:\/\/giantbubblefactory.com\/fr\/wp-json\/wp\/v2\/product\/27110\/revisions"}],"predecessor-version":[{"id":27834,"href":"https:\/\/giantbubblefactory.com\/fr\/wp-json\/wp\/v2\/product\/27110\/revisions\/27834"}],"wp:featuredmedia":[{"embeddable":true,"href":"https:\/\/giantbubblefactory.com\/fr\/wp-json\/wp\/v2\/media\/27701"}],"wp:attachment":[{"href":"https:\/\/giantbubblefactory.com\/fr\/wp-json\/wp\/v2\/media?parent=27110"}],"wp:term":[{"taxonomy":"product_brand","embeddable":true,"href":"https:\/\/giantbubblefactory.com\/fr\/wp-json\/wp\/v2\/product_brand?post=27110"},{"taxonomy":"product_cat","embeddable":true,"href":"https:\/\/giantbubblefactory.com\/fr\/wp-json\/wp\/v2\/product_cat?post=27110"},{"taxonomy":"product_tag","embeddable":true,"href":"https:\/\/giantbubblefactory.com\/fr\/wp-json\/wp\/v2\/product_tag?post=27110"}],"curies":[{"name":"wp","href":"https:\/\/api.w.org\/{rel}","templated":true}]}}