{"id":27129,"date":"2025-05-29T14:45:27","date_gmt":"2025-05-29T14:45:27","guid":{"rendered":"https:\/\/giantbubblefactory.com\/?post_type=product&#038;p=27129"},"modified":"2025-05-29T14:45:53","modified_gmt":"2025-05-29T14:45:53","slug":"canalina-base-90-cm","status":"publish","type":"product","link":"https:\/\/giantbubblefactory.com\/fr\/product\/canalina-base-90-cm\/","title":{"rendered":"Base \u00e0 canal 90 cm"},"content":{"rendered":"<p><b>Canalina Base 90 cm<\/b><\/p>\n<p><span style=\"font-weight: 400;\">\ud83c\udf88 <\/span><b>La base perfetta per creare bolle giganti intorno ai bambini!<\/b><\/p>\n<p><span style=\"font-weight: 400;\">\u2728 <\/span><b>Descrizione<\/b><b><br \/>\n<\/b><span style=\"font-weight: 400;\"> Questa <\/span><b>canalina base<\/b><span style=\"font-weight: 400;\"> \u00e8 l&#8217;accessorio ideale per utilizzare i Cerchi Singoli<\/span><b> 80 cm<\/b><span style=\"font-weight: 400;\"> e Cerchi Singoli<\/span><b> 90 cm<\/b><span style=\"font-weight: 400;\">. Progettata con un <\/span><b>foro centrale<\/b><span style=\"font-weight: 400;\">, la canalina permette di posizionare facilmente il bambino al centro, creando un&#8217;incredibile bolla intorno a lui. Con questa base, puoi trasformare il cerchio in un <\/span><b>inglobabimbi<\/b><span style=\"font-weight: 400;\"> professionale, per bolle spettacolari che affascineranno tutti!<\/span><\/p>\n<p><span style=\"font-weight: 400;\">La <\/span><b>canalina<\/b><span style=\"font-weight: 400;\"> \u00e8 compatibile esclusivamente con iCerchi Singoli <\/span><b>80 cm<\/b><span style=\"font-weight: 400;\"> e Cerchi Singoli<\/span><b> 90 cm<\/b><span style=\"font-weight: 400;\">, offrendo un supporto stabile e sicuro per creare bolle giganti in modo preciso e senza errori.<\/span><\/p>\n<p><span style=\"font-weight: 400;\">\ud83e\udee7 <\/span><b>Vantaggi della Canalina Base:<\/b><\/p>\n<ul>\n<li style=\"font-weight: 400;\" aria-level=\"1\"><b>Posizionamento perfetto<\/b><span style=\"font-weight: 400;\">: il foro centrale consente di <\/span><b>posizionare il bambino al centro<\/b><span style=\"font-weight: 400;\">, creando una bolla gigante intorno a lui.<\/span><span style=\"font-weight: 400;\"><br \/>\n<\/span><\/li>\n<li style=\"font-weight: 400;\" aria-level=\"1\"><b>Compatibilit\u00e0 ideale<\/b><span style=\"font-weight: 400;\">: funziona solo con i Cerchi Singoli<\/span><b> 80 cm<\/b><span style=\"font-weight: 400;\"> e Cerchi Singoli<\/span><b> 90 cm<\/b><span style=\"font-weight: 400;\">, trasformandoli in un vero e proprio inglobabimbi.<\/span><span style=\"font-weight: 400;\"><br \/>\n<\/span><\/li>\n<li style=\"font-weight: 400;\" aria-level=\"1\"><b>Sicurezza e stabilit\u00e0<\/b><span style=\"font-weight: 400;\">: il design garantisce che la canalina rimanga stabile durante l&#8217;uso, permettendo di realizzare bolle giganti senza preoccupazioni.<\/span><span style=\"font-weight: 400;\"><br \/>\n<\/span><\/li>\n<li style=\"font-weight: 400;\" aria-level=\"1\"><b>Resistente e durevole<\/b><span style=\"font-weight: 400;\">: costruita con materiali di alta qualit\u00e0, progettata per resistere a un uso frequente.<\/span><span style=\"font-weight: 400;\"><br \/>\n<\/span><\/li>\n<li style=\"font-weight: 400;\" aria-level=\"1\"><b>Facile da usare<\/b><span style=\"font-weight: 400;\">: basta inserire il cerchio nella canalina, riempire con sapone e posizionare il bambino per creare una bolla perfetta.<\/span>&nbsp;<\/li>\n<\/ul>\n<p><b>ATTENZIONE! Questo prodotto comprende la sola base a canalina che contiene il sapone per bolle giganti, non include il cerchio in alluminio.<\/b><\/p>\n<p><span style=\"font-weight: 400;\">\ud83d\udce6 Se cerchi il <\/span><b>kit completo Tube Bubble (Inglobabimbi) 80 cm o Tube Bubble (Inglobabimbi) 90 cm<\/b><b><br \/>\n<\/b><span style=\"font-weight: 400;\"> \ud83d\udc49 <\/span><b>Lo trovi qui<\/b><span style=\"font-weight: 400;\"> [link al prodotto completo]<\/span><\/p>\n<p><span style=\"font-weight: 400;\">\ud83d\udcac &#8220;<\/span><b>Crea bolle giganti intorno al bambino con facilit\u00e0 e precisione!<\/b><span style=\"font-weight: 400;\">&#8220;<\/span><span style=\"font-weight: 400;\"><br \/>\n<\/span><span style=\"font-weight: 400;\"> La nostra canalina base \u00e8 il supporto ideale per fare bolle giganti perfette, trasformando ogni momento in una magia!<\/span><\/p>\n","protected":false},"excerpt":{"rendered":"<p><b>Base \u00e0 canal 90 cm<\/b><span style=\"font-weight: 400;\"> \u2013 La base id\u00e9ale pour cr\u00e9er des bulles g\u00e9antes autour des enfants. Compatible avec les cerceaux simples de 80 cm et 90 cm, elle permet de positionner facilement l\u2019enfant au centre et de cr\u00e9er une bulle parfaite. R\u00e9sistante et facile \u00e0 utiliser, id\u00e9ale pour les spectacles et les animations ludiques.<\/span><\/p>","protected":false},"featured_media":27130,"comment_status":"open","ping_status":"closed","template":"","meta":[],"product_brand":[],"product_cat":[75],"product_tag":[],"class_list":{"0":"post-27129","1":"product","2":"type-product","3":"status-publish","4":"has-post-thumbnail","6":"product_cat-attrezzi-professionali-per-bolle","8":"first","9":"instock","10":"taxable","11":"shipping-taxable","12":"purchasable","13":"product-type-simple"},"_links":{"self":[{"href":"https:\/\/giantbubblefactory.com\/fr\/wp-json\/wp\/v2\/product\/27129","targetHints":{"allow":["GET"]}}],"collection":[{"href":"https:\/\/giantbubblefactory.com\/fr\/wp-json\/wp\/v2\/product"}],"about":[{"href":"https:\/\/giantbubblefactory.com\/fr\/wp-json\/wp\/v2\/types\/product"}],"replies":[{"embeddable":true,"href":"https:\/\/giantbubblefactory.com\/fr\/wp-json\/wp\/v2\/comments?post=27129"}],"version-history":[{"count":2,"href":"https:\/\/giantbubblefactory.com\/fr\/wp-json\/wp\/v2\/product\/27129\/revisions"}],"predecessor-version":[{"id":27134,"href":"https:\/\/giantbubblefactory.com\/fr\/wp-json\/wp\/v2\/product\/27129\/revisions\/27134"}],"wp:featuredmedia":[{"embeddable":true,"href":"https:\/\/giantbubblefactory.com\/fr\/wp-json\/wp\/v2\/media\/27130"}],"wp:attachment":[{"href":"https:\/\/giantbubblefactory.com\/fr\/wp-json\/wp\/v2\/media?parent=27129"}],"wp:term":[{"taxonomy":"product_brand","embeddable":true,"href":"https:\/\/giantbubblefactory.com\/fr\/wp-json\/wp\/v2\/product_brand?post=27129"},{"taxonomy":"product_cat","embeddable":true,"href":"https:\/\/giantbubblefactory.com\/fr\/wp-json\/wp\/v2\/product_cat?post=27129"},{"taxonomy":"product_tag","embeddable":true,"href":"https:\/\/giantbubblefactory.com\/fr\/wp-json\/wp\/v2\/product_tag?post=27129"}],"curies":[{"name":"wp","href":"https:\/\/api.w.org\/{rel}","templated":true}]}}