{"id":27249,"date":"2025-05-29T17:06:10","date_gmt":"2025-05-29T17:06:10","guid":{"rendered":"https:\/\/giantbubblefactory.com\/?post_type=product&#038;p=27249"},"modified":"2025-08-26T05:37:02","modified_gmt":"2025-08-26T05:37:02","slug":"cerchietto-elastic-bubble-triplete-40-cm","status":"publish","type":"product","link":"https:\/\/giantbubblefactory.com\/fr\/product\/cerchietto-elastic-bubble-triplete-40-cm\/","title":{"rendered":"Cerceau Elastic Bubble Triplette (40 cm)"},"content":{"rendered":"<p><b>Cerceau Elastic Bubble Triplette\u00a0<\/b><\/p>\n<h2><b>\u00a0Bulles g\u00e9antes faciles et surprenantes<\/b><\/h2>\n<p class=\"translation-block\"><span style=\"font-weight: 400\">\u2728 <\/span><b>Facile, ludique et incroyablement amusant !<\/b><span style=\"font-weight: 400\"> \u2728<\/span><span style=\"font-weight: 400\"><br>\n<\/span><span style=\"font-weight: 400\"> Le <\/span><b>Cerceau Elastic Bubble Triplette<\/b><span style=\"font-weight: 400\"> est l\u2019outil qui vous permettra de cr\u00e9er des <\/span><b>bulles triples<\/b><span style=\"font-weight: 400\">, <\/span><b>doubles<\/b><span style=\"font-weight: 400\"> ou <\/span><b>simples<\/b><span style=\"font-weight: 400\"> en quelques secondes, apportant magie et amusement partout. Avec un design pens\u00e9 pour \u00eatre <\/span><b>facile<\/b><span style=\"font-weight: 400\">, <\/span><b>color\u00e9<\/b><span style=\"font-weight: 400\"> et <\/span><b>polyvalent<\/b><span style=\"font-weight: 400\">, c\u2019est l\u2019accessoire id\u00e9al pour toutes les occasions, des anniversaires aux spectacles, \u00e9v\u00e9nements et activit\u00e9s en plein air.<\/span><\/p>\n<h3><b>Pourquoi choisir le Cerceau Elastic Bubble Triplette ?<\/b><\/h3>\n<ul>\n<li style=\"font-weight: 400;\" aria-level=\"1\"><b>Facile \u00e0 utiliser<\/b><span style=\"font-weight: 400;\">: m\u00eame si c\u2019est votre premi\u00e8re fois, avec le Cerceau Elastic Bubble Triplette vous obtiendrez des r\u00e9sultats spectaculaires d\u00e8s la premi\u00e8re utilisation.<\/span><span style=\"font-weight: 400;\">\n<p><\/span><\/li>\n<li style=\"font-weight: 400;\" aria-level=\"1\"><b>Ludique et color\u00e9<\/b><span style=\"font-weight: 400;\">: son design attrayant stimule la curiosit\u00e9 et fait sourire tout le monde.<\/span><span style=\"font-weight: 400;\">\n<p><\/span><\/li>\n<li style=\"font-weight: 400;\" aria-level=\"1\"><b>Polyvalent et cr\u00e9atif<\/b><span style=\"font-weight: 400;\">: cr\u00e9e <\/span><b>,bulles triples<\/b><span style=\"font-weight: 400;\">, <\/span><b>doubles<\/b><span style=\"font-weight: 400;\"> e <\/span><b>simples<\/b><span style=\"font-weight: 400;\">, parfaites pour toutes les situations. Vous pouvez \u00e9galement essayer des effets comme la <\/span><b>bulle volcan<\/b><span style=\"font-weight: 400;\"> ou des sculptures artistiques en bulles.<\/span><span style=\"font-weight: 400;\">\n<p><\/span><\/li>\n<li style=\"font-weight: 400;\" aria-level=\"1\"><b>Parfait pour toutes les occasions<\/b><span style=\"font-weight: 400;\">: id\u00e9al pour <\/span><b>anniversaires<\/b><span style=\"font-weight: 400;\">, <\/span><b>spectacles<\/b><span style=\"font-weight: 400;\">, <\/span><b>\u00e9v\u00e9nements en plein air<\/b><span style=\"font-weight: 400;\"> e <\/span><b>ateliers p\u00e9dagogiques<\/b><span style=\"font-weight: 400;\">.<\/span><span style=\"font-weight: 400;\">\n<p><\/span><\/li>\n<li style=\"font-weight: 400;\" aria-level=\"1\"><b>Simple et amusant<\/b><span style=\"font-weight: 400;\">: fonctionne aussi bien <\/span><b>en int\u00e9rieur<\/b><span style=\"font-weight: 400;\"> qu\u2019 <\/span><b>en plein air<\/b><span style=\"font-weight: 400;\">, ajoutant une touche de magie \u00e0 n\u2019importe quel environnement.<\/span><span style=\"font-weight: 400;\">\n<p><\/span><\/li>\n<\/ul>\n<h3><b>Que pouvez-vous faire avec le Cerceau Elastic Bubble Triplette ?<\/b><\/h3>\n<ul>\n<li style=\"font-weight: 400;\" aria-level=\"1\"><b>Bulles triples<\/b><span style=\"font-weight: 400;\">, <\/span><b>doubles<\/b><span style=\"font-weight: 400;\"> e <\/span><b>simples<\/b><span style=\"font-weight: 400;\"> en quelques secondes.<\/span><span style=\"font-weight: 400;\">\n<p><\/span><\/li>\n<li style=\"font-weight: 400;\" aria-level=\"1\"><span style=\"font-weight: 400;\">R\u00e9aliser <\/span><b>des sculptures de bulles<\/b><span style=\"font-weight: 400;\"> et exp\u00e9rimenter de nouveaux effets surprenants.<\/span><span style=\"font-weight: 400;\">\n<p><\/span><\/li>\n<li style=\"font-weight: 400;\" aria-level=\"1\"><span style=\"font-weight: 400;\">Exp\u00e9rimenter des effets comme la <\/span><b>bulle volcan<\/b><span style=\"font-weight: 400;\"> qui lib\u00e8re de petites bulles ou <\/span><b>gonfler lentement<\/b><span style=\"font-weight: 400;\"> une bulle pour ajouter un effet magique.<\/span><span style=\"font-weight: 400;\">\n<p><\/span><\/li>\n<\/ul>\n<p><span style=\"font-weight: 400;\">\ud83c\udfaf <\/span><b>Parfait pour :<\/b><\/p>\n<ul>\n<li style=\"font-weight: 400;\" aria-level=\"1\"><span style=\"font-weight: 400;\">\ud83c\udf88 anniversaires<\/span><span style=\"font-weight: 400;\">\n<p><\/span><\/li>\n<li style=\"font-weight: 400;\" aria-level=\"1\"><span style=\"font-weight: 400;\">\ud83c\udfad spectacles<\/span><span style=\"font-weight: 400;\">\n<p><\/span><\/li>\n<li style=\"font-weight: 400;\" aria-level=\"1\"><span style=\"font-weight: 400;\">\ud83c\udf33 \u00e9v\u00e9nements en plein air<\/span><span style=\"font-weight: 400;\">\n<p><\/span><\/li>\n<li style=\"font-weight: 400;\" aria-level=\"1\"><span style=\"font-weight: 400;\">\ud83d\udca1 ateliers p\u00e9dagogiques<\/span><span style=\"font-weight: 400;\">\n<p><\/span><\/li>\n<\/ul>\n<p><span style=\"font-weight: 400;\">\ud83c\udf81 <\/span><b>Un cadeau qui surprend<\/b><span style=\"font-weight: 400;\">:<\/span><span style=\"font-weight: 400;\"><br \/>\n<\/span><span style=\"font-weight: 400;\"> Il <\/span><b>Cerceau Elastic Bubble Triplette<\/b><span style=\"font-weight: 400;\"> ce n\u2019est pas seulement un jeu, c\u2019est une exp\u00e9rience unique qui offre des moments de pure magie. Parfait pour divertir le public, <\/span><b>en devenant le h\u00e9ros de la journ\u00e9e<\/b><span style=\"font-weight: 400;\"> avec des bulles g\u00e9antes qui \u00e9merveillent tout le monde !<\/span><\/p>\n<h3><b>Sp\u00e9cifications techniques :<\/b><\/h3>\n<ul>\n<li style=\"font-weight: 400;\" aria-level=\"1\"><b>Cerceau Elastic Bubble Triplette<\/b><span style=\"font-weight: 400;\">, longueur 45 cm<\/span><span style=\"font-weight: 400;\">\n<p><\/span><\/li>\n<li style=\"font-weight: 400;\" aria-level=\"1\"><span style=\"font-weight: 400;\">Cr\u00e9e des bulles <\/span><b>simples<\/b><span style=\"font-weight: 400;\">, <\/span><b>doubles<\/b><span style=\"font-weight: 400;\"> ou <\/span><b>triple<\/b><span style=\"font-weight: 400;\"> d\u2019un diam\u00e8tre de <\/span><b>15 a 50 cm<\/b><b>\n<p><\/b><\/li>\n<\/ul>\n<p><span style=\"font-weight: 400;\">Mat\u00e9riaux r\u00e9sistants, con\u00e7u pour durer dans le temps<\/span><span style=\"font-weight: 400;\"><br \/>\n<\/span><\/p>","protected":false},"excerpt":{"rendered":"<p><span style=\"font-weight: 400;\">Cerceau Elastic Bubble Triplette (40 cm) pour r\u00e9aliser des bulles triples, doubles et simples. Facile \u00e0 utiliser, il cr\u00e9e des bulles surprenantes en 30 secondes. Parfait pour les \u00e9v\u00e9nements, les spectacles et les activit\u00e9s en plein air !<\/span><\/p>","protected":false},"featured_media":27250,"comment_status":"open","ping_status":"closed","template":"","meta":[],"product_brand":[],"product_cat":[75],"product_tag":[],"class_list":{"0":"post-27249","1":"product","2":"type-product","3":"status-publish","4":"has-post-thumbnail","6":"product_cat-attrezzi-professionali-per-bolle","8":"first","9":"instock","10":"taxable","11":"shipping-taxable","12":"purchasable","13":"product-type-simple"},"_links":{"self":[{"href":"https:\/\/giantbubblefactory.com\/fr\/wp-json\/wp\/v2\/product\/27249","targetHints":{"allow":["GET"]}}],"collection":[{"href":"https:\/\/giantbubblefactory.com\/fr\/wp-json\/wp\/v2\/product"}],"about":[{"href":"https:\/\/giantbubblefactory.com\/fr\/wp-json\/wp\/v2\/types\/product"}],"replies":[{"embeddable":true,"href":"https:\/\/giantbubblefactory.com\/fr\/wp-json\/wp\/v2\/comments?post=27249"}],"version-history":[{"count":1,"href":"https:\/\/giantbubblefactory.com\/fr\/wp-json\/wp\/v2\/product\/27249\/revisions"}],"predecessor-version":[{"id":27251,"href":"https:\/\/giantbubblefactory.com\/fr\/wp-json\/wp\/v2\/product\/27249\/revisions\/27251"}],"wp:featuredmedia":[{"embeddable":true,"href":"https:\/\/giantbubblefactory.com\/fr\/wp-json\/wp\/v2\/media\/27250"}],"wp:attachment":[{"href":"https:\/\/giantbubblefactory.com\/fr\/wp-json\/wp\/v2\/media?parent=27249"}],"wp:term":[{"taxonomy":"product_brand","embeddable":true,"href":"https:\/\/giantbubblefactory.com\/fr\/wp-json\/wp\/v2\/product_brand?post=27249"},{"taxonomy":"product_cat","embeddable":true,"href":"https:\/\/giantbubblefactory.com\/fr\/wp-json\/wp\/v2\/product_cat?post=27249"},{"taxonomy":"product_tag","embeddable":true,"href":"https:\/\/giantbubblefactory.com\/fr\/wp-json\/wp\/v2\/product_tag?post=27249"}],"curies":[{"name":"wp","href":"https:\/\/api.w.org\/{rel}","templated":true}]}}