{"id":27252,"date":"2025-05-29T17:08:28","date_gmt":"2025-05-29T17:08:28","guid":{"rendered":"https:\/\/giantbubblefactory.com\/?post_type=product&#038;p=27252"},"modified":"2025-05-29T17:08:28","modified_gmt":"2025-05-29T17:08:28","slug":"cristal-bubble-set-5-tubi-plexiglass","status":"publish","type":"product","link":"https:\/\/giantbubblefactory.com\/fr\/product\/cristal-bubble-set-5-tubi-plexiglass\/","title":{"rendered":"Cristal Bubble \u2013 Set de 5 tubes en plexiglas"},"content":{"rendered":"<p><span style=\"font-weight: 400;\">CRISTAL BUBBLE \u2013 Set de tubes pour bulles<\/span><\/p>\n<p><span style=\"font-weight: 400;\">Bulles g\u00e9antes et sculptures de bulles<\/span><\/p>\n<p><span style=\"font-weight: 400;\">\ud83c\udf88 L\u00e0 o\u00f9 l\u2019\u00e9ph\u00e9m\u00e8re devient art !<\/span><\/p>\n<p><span style=\"font-weight: 400;\">Imaginez une bulle d\u00e9licatement pos\u00e9e sur une table.<\/span><\/p>\n<p><span style=\"font-weight: 400;\">Sous son propre poids, la bulle se transforme : de l\u00e9g\u00e8re et insaisissable, elle devient solide et hypnotique.<\/span><\/p>\n<p><span style=\"font-weight: 400;\">C\u2019est toute la puissance de la magie des bulles sur surface plane, et c\u2019est ici que Cristal entre en sc\u00e8ne.<\/span><\/p>\n<p><span style=\"font-weight: 400;\">Bubble.<\/span><\/p>\n<p><span style=\"font-weight: 400;\">Cristal Bubble est le set d\u00e9finitif de cylindres transparents pour cr\u00e9er des bulles g\u00e9antes, mettre en sc\u00e8ne des effets spectaculaires et r\u00e9aliser des performances uniques.<\/span><\/p>\n<p><span style=\"font-weight: 400;\">cr\u00e9er des bulles les unes \u00e0 l\u2019int\u00e9rieur des autres, modeler des formes et r\u00e9aliser de v\u00e9ritables sculptures de bulles<\/span><\/p>\n<p><span style=\"font-weight: 400;\">de savon.<\/span><\/p>\n<p>&nbsp;<\/p>\n<p><span style=\"font-weight: 400;\">\u2728 Que pouvez-vous cr\u00e9er avec Cristal Bubble :<\/span><\/p>\n<ul>\n<li><span style=\"font-weight: 400;\"> Des bulles de diff\u00e9rents diam\u00e8tres, sur une surface plane ou dans l\u2019air<\/span><\/li>\n<li><span style=\"font-weight: 400;\"> Des bulles \u00e0 l\u2019int\u00e9rieur d\u2019autres bulles<\/span><\/li>\n<li><span style=\"font-weight: 400;\"> Des bulles cubiques et triangulaires<\/span><\/li>\n<li><span style=\"font-weight: 400;\"> Colonne e torte di bolle<\/span><\/li>\n<li><span style=\"font-weight: 400;\"> Des couronnes, des rondeaux et des sculptures artistiques<\/span><\/li>\n<li><span style=\"font-weight: 400;\"> Des vermicelles et des clowns en bulles<\/span><\/li>\n<li><span style=\"font-weight: 400;\"> Infinite possibilit\u00e0 creative!<\/span><\/li>\n<\/ul>\n<p>&nbsp;<\/p>\n<p><span style=\"font-weight: 400;\">\ud83d\udee0 Le set comprend :<\/span><\/p>\n<ul>\n<li><span style=\"font-weight: 400;\"> Le Plus : tube \u00d85 cm, longueur 35 cm \u2192 bulles g\u00e9antes sur surface plane ou dans l\u2019air<\/span><\/li>\n<li><span style=\"font-weight: 400;\"> Persil : tube \u00d83 cm, longueur 25 cm \u2192 bulles grandes, moyennes et petites<\/span><\/li>\n<li><span style=\"font-weight: 400;\"> Int\u00e9rieur : tube \u00d82 cm, longueur 25 cm \u2192 placer une bulle \u00e0 l\u2019int\u00e9rieur d\u2019une autre<\/span><\/li>\n<\/ul>\n<p>&nbsp;<\/p>\n<ul>\n<li><span style=\"font-weight: 400;\"> Auriculaire : tube \u00d81 cm, longueur 25 cm \u2192 bulles tr\u00e8s petites et sculptures d\u00e9taill\u00e9es<\/span><\/li>\n<li><span style=\"font-weight: 400;\"> Magic Tube : tube \u00d83,2 cm, longueur 20 cm \u2192 cr\u00e9e des colonnes de bulles et des g\u00e2teaux de bulles<\/span><\/li>\n<\/ul>\n<p>&nbsp;<\/p>\n<p><span style=\"font-weight: 400;\">\ud83c\udfaf Pourquoi choisir Cristal Bubble :<\/span><\/p>\n<ul>\n<li><span style=\"font-weight: 400;\"> Polyvalence maximale : adapt\u00e9 aux d\u00e9butants comme aux professionnels<\/span><\/li>\n<li><span style=\"font-weight: 400;\"> Facile \u00e0 utiliser : bulles spectaculaires d\u00e8s la premi\u00e8re utilisation<\/span><\/li>\n<li><span style=\"font-weight: 400;\"> Cr\u00e9ativit\u00e9 infinie : des dizaines de figures et de sculptures diff\u00e9rentes<\/span><\/li>\n<li><span style=\"font-weight: 400;\"> Mat\u00e9riaux transparents : visibilit\u00e9 maximale et effet magique<\/span><\/li>\n<li><span style=\"font-weight: 400;\"> Design professionnel : con\u00e7u par un artiste des bulles pour les artistes des bulles<\/span><\/li>\n<\/ul>\n<p>&nbsp;<\/p>\n<p><span style=\"font-weight: 400;\">\ud83d\udcac \u00ab Cristal Bubble est n\u00e9 de mon exp\u00e9rience pour vous offrir le meilleur :<\/span><\/p>\n<p><span style=\"font-weight: 400;\">de la f\u00eate en famille\u2026 jusqu\u2019au show \u00e0 Las Vegas. \u00bb<\/span><\/p>\n<p><span style=\"font-weight: 400;\">Que vous souhaitiez impressionner vos amis ou vous pr\u00e9parer \u00e0 un spectacle de r\u00eave,<\/span><\/p>\n<p><span style=\"font-weight: 400;\">Cristal Bubble vous accompagne \u00e0 chaque \u00e9tape de votre aventure dans l\u2019univers des bulles.<\/span><\/p>\n<p>&nbsp;<\/p>\n<p><span style=\"font-weight: 400;\">Commandez d\u00e8s aujourd\u2019hui Cristal Bubble et commencez \u00e0 cr\u00e9er de v\u00e9ritables po\u00e9sies d\u2019air,<\/span><\/p>\n<p><span style=\"font-weight: 400;\">de lumi\u00e8re et de magie !<\/span><\/p>\n<p>&nbsp;<\/p>","protected":false},"excerpt":{"rendered":"<p><span style=\"font-weight: 400;\">Cristal Bubble \u2013 Set professionnel de tubes transparents pour cr\u00e9er des bulles g\u00e9antes, des sculptures et des effets magiques avec le savon. Id\u00e9al pour d\u00e9butants et professionnels.<\/span><\/p>","protected":false},"featured_media":27253,"comment_status":"open","ping_status":"closed","template":"","meta":[],"product_brand":[],"product_cat":[75],"product_tag":[],"class_list":{"0":"post-27252","1":"product","2":"type-product","3":"status-publish","4":"has-post-thumbnail","6":"product_cat-attrezzi-professionali-per-bolle","8":"first","9":"instock","10":"taxable","11":"shipping-taxable","12":"purchasable","13":"product-type-simple"},"_links":{"self":[{"href":"https:\/\/giantbubblefactory.com\/fr\/wp-json\/wp\/v2\/product\/27252","targetHints":{"allow":["GET"]}}],"collection":[{"href":"https:\/\/giantbubblefactory.com\/fr\/wp-json\/wp\/v2\/product"}],"about":[{"href":"https:\/\/giantbubblefactory.com\/fr\/wp-json\/wp\/v2\/types\/product"}],"replies":[{"embeddable":true,"href":"https:\/\/giantbubblefactory.com\/fr\/wp-json\/wp\/v2\/comments?post=27252"}],"version-history":[{"count":1,"href":"https:\/\/giantbubblefactory.com\/fr\/wp-json\/wp\/v2\/product\/27252\/revisions"}],"predecessor-version":[{"id":27254,"href":"https:\/\/giantbubblefactory.com\/fr\/wp-json\/wp\/v2\/product\/27252\/revisions\/27254"}],"wp:featuredmedia":[{"embeddable":true,"href":"https:\/\/giantbubblefactory.com\/fr\/wp-json\/wp\/v2\/media\/27253"}],"wp:attachment":[{"href":"https:\/\/giantbubblefactory.com\/fr\/wp-json\/wp\/v2\/media?parent=27252"}],"wp:term":[{"taxonomy":"product_brand","embeddable":true,"href":"https:\/\/giantbubblefactory.com\/fr\/wp-json\/wp\/v2\/product_brand?post=27252"},{"taxonomy":"product_cat","embeddable":true,"href":"https:\/\/giantbubblefactory.com\/fr\/wp-json\/wp\/v2\/product_cat?post=27252"},{"taxonomy":"product_tag","embeddable":true,"href":"https:\/\/giantbubblefactory.com\/fr\/wp-json\/wp\/v2\/product_tag?post=27252"}],"curies":[{"name":"wp","href":"https:\/\/api.w.org\/{rel}","templated":true}]}}