{"id":71623,"date":"2025-09-02T05:48:05","date_gmt":"2025-09-02T05:48:05","guid":{"rendered":"https:\/\/giantbubblefactory.com\/?post_type=product&#038;p=71623"},"modified":"2025-09-02T05:48:05","modified_gmt":"2025-09-02T05:48:05","slug":"goccia","status":"publish","type":"product","link":"https:\/\/giantbubblefactory.com\/fr\/product\/goccia\/","title":{"rendered":"Goccia"},"content":{"rendered":"<p data-start=\"717\" data-end=\"1026\">La <strong data-start=\"720\" data-end=\"730\">Goccia<\/strong> \u00e8 il modello classico e intramontabile delle bacchette per bolle di sapone, nonch\u00e9 il pi\u00f9 scelto e venduto negli anni.<br data-start=\"849\" data-end=\"852\" \/>Grazie al suo design semplice ed essenziale, \u00e8 lo strumento <strong data-start=\"912\" data-end=\"949\">pi\u00f9 facile da usare per i bambini<\/strong>, che possono subito ottenere bolle grandi e spettacolari senza difficolt\u00e0.<\/p>\n<p data-start=\"1028\" data-end=\"1178\">\u00c8 stata acquistata e apprezzata da <strong data-start=\"1063\" data-end=\"1111\">migliaia di famiglie, animatori ed educatori<\/strong>: un vero must-have per chiunque ami il magico mondo delle bolle.<\/p>\n<p data-start=\"1180\" data-end=\"1213\">\u2728 <strong data-start=\"1182\" data-end=\"1213\">Caract\u00e9ristiques principales :<\/strong><\/p>\n<ul data-start=\"1214\" data-end=\"1549\">\n<li data-start=\"1214\" data-end=\"1281\">\n<p data-start=\"1216\" data-end=\"1281\"><strong data-start=\"1216\" data-end=\"1242\">La pi\u00f9 facile da usare<\/strong>: ideale per bambini di tutte le et\u00e0.<\/p>\n<\/li>\n<li data-start=\"1282\" data-end=\"1340\">\n<p data-start=\"1284\" data-end=\"1340\"><strong data-start=\"1284\" data-end=\"1302\">Forma a goccia<\/strong> per creare bolle grandi e luminose.<\/p>\n<\/li>\n<li data-start=\"1341\" data-end=\"1402\">\n<p data-start=\"1343\" data-end=\"1402\"><strong data-start=\"1343\" data-end=\"1375\">Innesto al manico rinforzato<\/strong> per una maggiore durata.<\/p>\n<\/li>\n<li data-start=\"1403\" data-end=\"1501\">\n<p data-start=\"1405\" data-end=\"1501\"><strong data-start=\"1405\" data-end=\"1442\"><strong data-start=\"1146\" data-end=\"1183\">Corde technique \u00e0 haute absorption<\/strong> \u2013 Performance maximale \u00e0 chaque immersion dans la solution.<\/strong> che trattiene pi\u00f9 liquido e garantisce bolle resistenti.<\/p>\n<\/li>\n<li data-start=\"1502\" data-end=\"1549\">\n<p data-start=\"1504\" data-end=\"1549\"><strong data-start=\"1504\" data-end=\"1523\">Lunghezza 35 cm<\/strong>, leggera e maneggevole.<\/p>\n<\/li>\n<\/ul>\n<p data-start=\"1551\" data-end=\"1569\">\ud83c\udfaf <strong data-start=\"1554\" data-end=\"1569\">Ideale per:<\/strong><\/p>\n<ul data-start=\"1570\" data-end=\"1812\">\n<li data-start=\"1570\" data-end=\"1647\">\n<p data-start=\"1572\" data-end=\"1647\">Bambini e famiglie che cercano un gioco semplice e divertente all\u2019aperto.<\/p>\n<\/li>\n<li data-start=\"1648\" data-end=\"1724\">\n<p data-start=\"1650\" data-end=\"1724\">Animatori ed educatori che vogliono uno strumento immediato ed efficace.<\/p>\n<\/li>\n<li data-start=\"1725\" data-end=\"1812\">\n<p data-start=\"1727\" data-end=\"1812\">Artisti di strada e performer che desiderano un attrezzo affidabile e scenografico.<\/p>\n<\/li>\n<\/ul>\n<p data-start=\"1814\" data-end=\"2061\">\ud83c\udf1f <strong data-start=\"1817\" data-end=\"1839\">Perch\u00e9 sceglierla:<\/strong><br data-start=\"1839\" data-end=\"1842\" \/>La Goccia non \u00e8 solo il modello pi\u00f9 semplice da usare, ma \u00e8 anche quello <strong data-start=\"1915\" data-end=\"1952\">pi\u00f9 venduto e pi\u00f9 usato di sempre<\/strong> della Giant Bubble Factory.<br data-start=\"1980\" data-end=\"1983\" \/>Un classico intramontabile che unisce facilit\u00e0, resistenza e spettacolarit\u00e0.<\/p>","protected":false},"excerpt":{"rendered":"<p>La <strong data-start=\"477\" data-end=\"487\">Goccia<\/strong> \u00e8 la bacchetta pi\u00f9 amata e venduta di sempre: con i suoi <strong data-start=\"545\" data-end=\"554\">35 cm<\/strong> \u00e8 il modello pi\u00f9 facile da usare per i bambini. Leggera, resistente e intuitiva, permette di creare grandi bolle in pochi secondi.<\/p>","protected":false},"featured_media":71626,"comment_status":"open","ping_status":"closed","template":"","meta":[],"product_brand":[],"product_cat":[75],"product_tag":[188,186,184,180,181,189,191,182,175,151,183,187,190,185,135],"class_list":{"0":"post-71623","1":"product","2":"type-product","3":"status-publish","4":"has-post-thumbnail","6":"product_cat-attrezzi-professionali-per-bolle","7":"product_tag-animatori-bolle-di-sapone","8":"product_tag-attrezzo-bolle-professionale","9":"product_tag-bacchetta-bolle-classica","10":"product_tag-bacchetta-bolle-goccia","11":"product_tag-bacchetta-bolle-per-bambini","12":"product_tag-bacchetta-bolle-resistente","13":"product_tag-bacchetta-bolle-semplice-da-usare","14":"product_tag-bacchetta-facile-bolle-di-sapone","15":"product_tag-bolle-di-sapone","16":"product_tag-bolle-giganti-facili","17":"product_tag-giochi-outdoor-bambini","18":"product_tag-gioco-educativo-montessori","19":"product_tag-goccia-giant-bubble-factory","20":"product_tag-piu-venduto-bolle-di-sapone","21":"product_tag-spettacoli-bolle-di-sapone","23":"first","24":"instock","25":"sale","26":"purchasable","27":"product-type-simple"},"_links":{"self":[{"href":"https:\/\/giantbubblefactory.com\/fr\/wp-json\/wp\/v2\/product\/71623","targetHints":{"allow":["GET"]}}],"collection":[{"href":"https:\/\/giantbubblefactory.com\/fr\/wp-json\/wp\/v2\/product"}],"about":[{"href":"https:\/\/giantbubblefactory.com\/fr\/wp-json\/wp\/v2\/types\/product"}],"replies":[{"embeddable":true,"href":"https:\/\/giantbubblefactory.com\/fr\/wp-json\/wp\/v2\/comments?post=71623"}],"version-history":[{"count":1,"href":"https:\/\/giantbubblefactory.com\/fr\/wp-json\/wp\/v2\/product\/71623\/revisions"}],"predecessor-version":[{"id":71627,"href":"https:\/\/giantbubblefactory.com\/fr\/wp-json\/wp\/v2\/product\/71623\/revisions\/71627"}],"wp:featuredmedia":[{"embeddable":true,"href":"https:\/\/giantbubblefactory.com\/fr\/wp-json\/wp\/v2\/media\/71626"}],"wp:attachment":[{"href":"https:\/\/giantbubblefactory.com\/fr\/wp-json\/wp\/v2\/media?parent=71623"}],"wp:term":[{"taxonomy":"product_brand","embeddable":true,"href":"https:\/\/giantbubblefactory.com\/fr\/wp-json\/wp\/v2\/product_brand?post=71623"},{"taxonomy":"product_cat","embeddable":true,"href":"https:\/\/giantbubblefactory.com\/fr\/wp-json\/wp\/v2\/product_cat?post=71623"},{"taxonomy":"product_tag","embeddable":true,"href":"https:\/\/giantbubblefactory.com\/fr\/wp-json\/wp\/v2\/product_tag?post=71623"}],"curies":[{"name":"wp","href":"https:\/\/api.w.org\/{rel}","templated":true}]}}