{"id":71632,"date":"2025-09-03T04:29:52","date_gmt":"2025-09-03T04:29:52","guid":{"rendered":"https:\/\/giantbubblefactory.com\/?post_type=product&#038;p=71632"},"modified":"2025-09-03T04:29:52","modified_gmt":"2025-09-03T04:29:52","slug":"clover-xl","status":"publish","type":"product","link":"https:\/\/giantbubblefactory.com\/fr\/product\/clover-xl\/","title":{"rendered":"Tr\u00e8fle XL"},"content":{"rendered":"<p data-start=\"509\" data-end=\"688\" class=\"translation-block\">Le <strong data-start=\"512\" data-end=\"525\">Tr\u00e8fle XL<\/strong> de la <strong data-start=\"532\" data-end=\"556\">Giant Bubble Factory<\/strong> est con\u00e7u pour les professionnels des bulles de savon : animateurs, artistes de rue, performers et \u00e9ducateurs.<\/p>\n<p data-start=\"690\" data-end=\"869\" class=\"translation-block\">Gr\u00e2ce \u00e0 son <strong data-start=\"704\" data-end=\"735\">design en tr\u00e8fle de 50 cm<\/strong>, il permet de produire simultan\u00e9ment une multitude de bulles g\u00e9antes, garantissant un spectacle dynamique et visuellement impressionnant.<\/p>\n<p data-start=\"871\" data-end=\"906\">\u2728 <strong data-start=\"873\" data-end=\"904\">Caract\u00e9ristiques principales :<\/strong><\/p>\n<ul data-start=\"907\" data-end=\"1331\">\n<li data-start=\"907\" data-end=\"988\">\n<p data-start=\"909\" data-end=\"988\" class=\"translation-block\"><strong data-start=\"909\" data-end=\"930\">Usage professionnel<\/strong> \u2013 Id\u00e9al pour les spectacles, les \u00e9v\u00e9nements et les ateliers p\u00e9dagogiques.<\/p>\n<\/li>\n<li data-start=\"989\" data-end=\"1057\">\n<p data-start=\"991\" data-end=\"1057\" class=\"translation-block\"><strong data-start=\"991\" data-end=\"1022\">Cordes nou\u00e9es artisanalement<\/strong> \u2013 Plus de r\u00e9sistance et une longue dur\u00e9e de vie.<\/p>\n<\/li>\n<li data-start=\"1058\" data-end=\"1143\">\n<p data-start=\"1060\" data-end=\"1143\" class=\"translation-block\"><strong data-start=\"1060\" data-end=\"1092\">Fixation au manche renforc\u00e9e<\/strong> \u2013 Con\u00e7ue pour des utilisations intensives et continues.<\/p>\n<\/li>\n<li data-start=\"1144\" data-end=\"1233\">\n<p data-start=\"1146\" data-end=\"1233\"><strong data-start=\"1146\" data-end=\"1183\"><strong data-start=\"1146\" data-end=\"1183\">Corde technique \u00e0 haute absorption<\/strong> \u2013 Performance maximale \u00e0 chaque immersion dans la solution.<\/strong> \u2013 Massima resa con ogni immersione nel liquido.<\/p>\n<\/li>\n<li data-start=\"1234\" data-end=\"1331\">\n<p data-start=\"1236\" data-end=\"1331\" class=\"translation-block\"><strong data-start=\"1236\" data-end=\"1267\">Spectaculaire et captivant<\/strong> \u2013 Transforme chaque mouvement en une explosion de bulles g\u00e9antes.<\/p>\n<\/li>\n<\/ul>\n<p data-start=\"1333\" data-end=\"1512\" class=\"translation-block\">Le Tr\u00e8fle XL est particuli\u00e8rement appr\u00e9ci\u00e9 par ceux qui recherchent des <strong data-start=\"1388\" data-end=\"1421\">outils solides et fiables<\/strong>, capables de r\u00e9sister \u00e0 une utilisation intensive lors de spectacles en plein air, de f\u00eates et d\u2019ateliers.<\/p>\n<hr data-start=\"1514\" data-end=\"1517\" \/>\n<h3 data-start=\"1519\" data-end=\"1544\">Sp\u00e9cifications techniques<\/h3>\n<ul data-start=\"1545\" data-end=\"1723\">\n<li data-start=\"1545\" data-end=\"1574\">\n<p data-start=\"1547\" data-end=\"1574\">Hauteur totale : <strong data-start=\"1563\" data-end=\"1572\">50 cm<\/strong><\/p>\n<\/li>\n<li data-start=\"1575\" data-end=\"1612\">\n<p data-start=\"1577\" data-end=\"1612\" class=\"translation-block\">Forme : <strong data-start=\"1584\" data-end=\"1610\">Tr\u00e8fle \u00e0 trois p\u00e9tales<\/strong><\/p>\n<\/li>\n<li data-start=\"1613\" data-end=\"1681\">\n<p data-start=\"1615\" data-end=\"1681\">Mat\u00e9riau : corde technique \u00e0 haute absorption + manche renforc\u00e9<\/p>\n<\/li>\n<li data-start=\"1682\" data-end=\"1723\">\n<p data-start=\"1684\" data-end=\"1723\" class=\"translation-block\">Production : <strong data-start=\"1696\" data-end=\"1721\">artisanale en Italie<\/strong><\/p>\n<\/li>\n<\/ul>","protected":false},"excerpt":{"rendered":"<h2 data-start=\"202\" data-end=\"263\">Clover XL \u2013 Tr\u00e8fle professionnel pour bulles g\u00e9antes<\/h2>\n<p data-start=\"289\" data-end=\"477\"><strong data-start=\"289\" data-end=\"302\">Tr\u00e8fle XL<\/strong> est l\u2019outil artisanal con\u00e7u pour les professionnels des bulles : robuste, performant et spectaculaire. Gr\u00e2ce \u00e0 sa forme en tr\u00e8fle, il cr\u00e9e de nombreuses bulles g\u00e9antes en un seul geste.<\/p>","protected":false},"featured_media":71636,"comment_status":"open","ping_status":"closed","template":"","meta":[],"product_brand":[],"product_cat":[75],"product_tag":[196,198,192,129,194,197,195,193],"class_list":{"0":"post-71632","1":"product","2":"type-product","3":"status-publish","4":"has-post-thumbnail","6":"product_cat-attrezzi-professionali-per-bolle","7":"product_tag-animazione-bolle-giganti","8":"product_tag-attrezzi-artisti-bolle","9":"product_tag-attrezzi-professionali-bolle","10":"product_tag-bacchetta-bolle-giganti","11":"product_tag-clover-xl-bolle","12":"product_tag-giochi-outdoor-professionali","13":"product_tag-spettacolo-bolle-professionale","14":"product_tag-trifoglio-bolle-sapone","16":"first","17":"instock","18":"sale","19":"purchasable","20":"product-type-simple"},"_links":{"self":[{"href":"https:\/\/giantbubblefactory.com\/fr\/wp-json\/wp\/v2\/product\/71632","targetHints":{"allow":["GET"]}}],"collection":[{"href":"https:\/\/giantbubblefactory.com\/fr\/wp-json\/wp\/v2\/product"}],"about":[{"href":"https:\/\/giantbubblefactory.com\/fr\/wp-json\/wp\/v2\/types\/product"}],"replies":[{"embeddable":true,"href":"https:\/\/giantbubblefactory.com\/fr\/wp-json\/wp\/v2\/comments?post=71632"}],"version-history":[{"count":1,"href":"https:\/\/giantbubblefactory.com\/fr\/wp-json\/wp\/v2\/product\/71632\/revisions"}],"predecessor-version":[{"id":71633,"href":"https:\/\/giantbubblefactory.com\/fr\/wp-json\/wp\/v2\/product\/71632\/revisions\/71633"}],"wp:featuredmedia":[{"embeddable":true,"href":"https:\/\/giantbubblefactory.com\/fr\/wp-json\/wp\/v2\/media\/71636"}],"wp:attachment":[{"href":"https:\/\/giantbubblefactory.com\/fr\/wp-json\/wp\/v2\/media?parent=71632"}],"wp:term":[{"taxonomy":"product_brand","embeddable":true,"href":"https:\/\/giantbubblefactory.com\/fr\/wp-json\/wp\/v2\/product_brand?post=71632"},{"taxonomy":"product_cat","embeddable":true,"href":"https:\/\/giantbubblefactory.com\/fr\/wp-json\/wp\/v2\/product_cat?post=71632"},{"taxonomy":"product_tag","embeddable":true,"href":"https:\/\/giantbubblefactory.com\/fr\/wp-json\/wp\/v2\/product_tag?post=71632"}],"curies":[{"name":"wp","href":"https:\/\/api.w.org\/{rel}","templated":true}]}}